{"id":185,"date":"2016-09-16T15:48:54","date_gmt":"2016-09-16T15:48:54","guid":{"rendered":"http:\/\/werkstatt.fuelthemes.net\/werkstatt-collective\/?page_id=185"},"modified":"2023-03-10T14:50:58","modified_gmt":"2023-03-10T14:50:58","slug":"about-us-personal","status":"publish","type":"page","link":"https:\/\/www.archeologiecaraibes.com\/?page_id=185","title":{"rendered":"Le Programme"},"content":{"rendered":"[vc_row thb_full_width=&#8221;true&#8221; thb_row_padding=&#8221;true&#8221; thb_column_padding=&#8221;true&#8221; content_placement=&#8221;middle&#8221; thb_divider_position=&#8221;bottom&#8221;][vc_column fixed=&#8221;thb-fixed&#8221; animation=&#8221;animation fade-in&#8221; el_class=&#8221;full-height&#8221; css=&#8221;.vc_custom_1676077669759{background-image: url(http:\/\/www.archeologiecaraibes.com\/wp-content\/uploads\/2023\/02\/BCA4009A-3BBB-4033-A9E8-F94487CC78C6-scaled-1.jpeg?id=1092) !important;background-position: center !important;background-repeat: no-repeat !important;background-size: cover !important;}&#8221;][vc_column_text]\n<h1 style=\"text-align: center;\"><span style=\"color: #ffffff;\">Le Programme<\/span><\/h1>\n[\/vc_column_text][\/vc_column][\/vc_row][vc_row thb_full_width=&#8221;true&#8221; thb_row_padding=&#8221;true&#8221; thb_column_padding=&#8221;true&#8221; full_height=&#8221;yes&#8221; content_placement=&#8221;middle&#8221; thb_divider_position=&#8221;bottom&#8221;][vc_column css=&#8221;.vc_custom_1474311147448{padding-top: 12% !important;padding-right: 15% !important;padding-bottom: 19% !important;padding-left: 15% !important;}&#8221;][vc_column_text]\n<h4>Arch\u00e9ologie Cara\u00efbe est une plateforme de Conservation et de Transmission des patrimoines arch\u00e9ologiques et culturels cr\u00e9e par <a href=\"https:\/\/anisotropie.org\/\">ANISOTROPIE<\/a>. Encadr\u00e9e par des scientifiques, elle combine les nouveaux m\u00e9diums de m\u00e9diations culturelles (R\u00e9alit\u00e9 Augment\u00e9 &#8211; R\u00e9alit\u00e9 Virtuelle &#8211; 3D &#8211; Narration sonore &#8211; Vid\u00e9o &#8211; Photographie &#8211; Dramaturgie) aux plus traditionnels (Textes &#8211; Audioguide). Elle s&#8217;int\u00e9resse \u00e0 la zone g\u00e9ographique Cara\u00efbe avec pour point de d\u00e9part l&#8217;\u00eele de la Martinique.<\/h4>\n[\/vc_column_text][vc_column_text]Bienvenue sur <a href=\"http:\/\/www.archeologiecaraibes.com\/\">Arch\u00e9ologie Cara\u00efbes<\/a>, une plateforme unique en son genre qui vise \u00e0 transmettre les patrimoines arch\u00e9ologiques et culturels de la r\u00e9gion Cara\u00efbe \u00e0 un public le plus large possible.<\/p>\n<p>L&#8217;histoire d&#8217;<a href=\"http:\/\/www.archeologiecaraibes.com\/\">Arch\u00e9ologie Cara\u00efbes<\/a> a commenc\u00e9 en 2019 lorsque la <a href=\"https:\/\/www.culture.gouv.fr\/Regions\/DAC-Martinique\">Direction des Affaires Culturelles de Martinique<\/a> a demand\u00e9 \u00e0 <a href=\"http:\/\/georgesemmanuelarnaud.com\/\">Georges-Emmanuel ARNAUD<\/a> de num\u00e9riser le site d&#8217;art rupestre de la for\u00eat de Montravail \u00e0 Sainte-Luce. Cette exp\u00e9rience a mis en lumi\u00e8re la probl\u00e9matique d&#8217;acc\u00e8s et de partage des lieux culturels et des patrimoines en Martinique.<\/p>\n<p>Les vestiges arch\u00e9ologiques sont des biens rares et pr\u00e9cieux, mais ils sont souvent fragiles et vuln\u00e9rables aux dommages et \u00e0 la destruction. Cependant, gr\u00e2ce \u00e0 la cr\u00e9ation de doubles num\u00e9riques, il est d\u00e9sormais possible de pr\u00e9server ces vestiges en les reproduisant en 3D, offrant ainsi une conservation \u00e0 long terme. En outre, les doubles num\u00e9riques offrent une opportunit\u00e9 unique de rendre le patrimoine arch\u00e9ologique accessible \u00e0 un public plus large, y compris ceux qui ne peuvent pas se d\u00e9placer physiquement sur le site. Ces doubles num\u00e9riques peuvent \u00eatre partag\u00e9s en ligne, permettant ainsi \u00e0 quiconque de les explorer de mani\u00e8re interactive et immersive.<\/p>\n<p>C&#8217;est \u00e0 ce moment-l\u00e0 que l&#8217;id\u00e9e de rendre le patrimoine arch\u00e9ologique de Martinique accessible et de le transmettre au plus grand nombre via le Web et les R\u00e9alit\u00e9s \u00c9tendues (R\u00e9alit\u00e9 Virtuelle et R\u00e9alit\u00e9 Augment\u00e9) est n\u00e9e. Avec l&#8217;aide du Conservateur de l&#8217;arch\u00e9ologie de la D<a href=\"https:\/\/www.culture.gouv.fr\/Regions\/DAC-Martinique\">irection des affaires culturelles de la Martinique<\/a>, Herv\u00e9 GUY-LALANNE et son \u00e9quipe, nous avons pu mettre en \u0153uvre ce programme en collaboration avec les institutions locales et nationales charg\u00e9es de la protection et de la valorisation des patrimoines culturels et arch\u00e9ologiques.<\/p>\n<p>Nous sommes fiers de pouvoir offrir une exp\u00e9rience immersive en utilisant des m\u00e9diums innovants tels que la R\u00e9alit\u00e9 Augment\u00e9e, la R\u00e9alit\u00e9 Virtuelle, la 3D, la narration sonore, la vid\u00e9o, la photographie et la dramaturgie, ainsi que des m\u00e9diums plus traditionnels tels que les textes et les audioguides. Toutes les exp\u00e9riences sont accompagn\u00e9es d&#8217;une notice r\u00e9dig\u00e9e par un scientifique expert, disponible dans plusieurs langues.<\/p>\n<p><a href=\"http:\/\/www.archeologiecaraibes.com\/\">Arch\u00e9ologie Cara\u00efbes<\/a> est un outil p\u00e9dagogique accessible \u00e0 tous les publics, notamment les scolaires de toutes les sections d&#8217;\u00e2ges et disciplines, ainsi qu&#8217;aux personnes emp\u00each\u00e9es. C&#8217;est \u00e9galement une source d&#8217;inspiration pour les artistes de tous genres, en leur offrant une occasion de s&#8217;engager dans une exploration cr\u00e9ative gr\u00e2ce \u00e0 la restitution fid\u00e8le des objets arch\u00e9ologiques pr\u00e9sent\u00e9s.<\/p>\n<p>Rejoignez-nous dans notre mission de pr\u00e9servation et de transmission du patrimoine arch\u00e9ologique et culturel de la r\u00e9gion Cara\u00efbe. D\u00e9couvrez des mondes anciens et plongez dans l&#8217;histoire \u00e0 travers les yeux de l&#8217;arch\u00e9ologie. Nous sommes impatients de vous montrer ce que nous avons \u00e0 vous offrir ![\/vc_column_text][vc_column_text]\n<h5><strong>Retrouver nous sur <\/strong><strong><a class=\"instagram\" href=\"https:\/\/www.instagram.com\/archaeology_of_the_caribbean\/\" target=\"_blank\" rel=\"noopener\">Instagram<\/a>\u00a0et <a class=\"linkedin\" href=\"https:\/\/www.linkedin.com\/company\/anisotropie\" target=\"_blank\" rel=\"noopener\">LinkedIn<\/a>.\u00a0<\/strong><\/h5>\n[\/vc_column_text][\/vc_column][\/vc_row]\n","protected":false},"excerpt":{"rendered":"<p>[vc_row thb_full_width=&#8221;true&#8221; thb_row_padding=&#8221;true&#8221; thb_column_padding=&#8221;true&#8221; content_placement=&#8221;middle&#8221; thb_divider_position=&#8221;bottom&#8221;][vc_column fixed=&#8221;thb-fixed&#8221; animation=&#8221;animation fade-in&#8221; el_class=&#8221;full-height&#8221; css=&#8221;.vc_custom_1676077669759{background-image: url(http:\/\/www.archeologiecaraibes.com\/wp-content\/uploads\/2023\/02\/BCA4009A-3BBB-4033-A9E8-F94487CC78C6-scaled-1.jpeg?id=1092) !important;background-position: center !important;background-repeat: no-repeat !important;background-size: cover !important;}&#8221;][vc_column_text] Le Programme [\/vc_column_text][\/vc_column][\/vc_row][vc_row thb_full_width=&#8221;true&#8221; thb_row_padding=&#8221;true&#8221; thb_column_padding=&#8221;true&#8221; full_height=&#8221;yes&#8221; content_placement=&#8221;middle&#8221; thb_divider_position=&#8221;bottom&#8221;][vc_column css=&#8221;.vc_custom_1474311147448{padding-top: 12% !important;padding-right: 15% !important;padding-bottom: 19% !important;padding-left: 15% !important;}&#8221;][vc_column_text] Arch\u00e9ologie Cara\u00efbe est une plateforme de Conservation et de Transmission des patrimoines arch\u00e9ologiques et culturels cr\u00e9e par ANISOTROPIE.&hellip;<\/p>\n","protected":false},"author":1,"featured_media":0,"parent":0,"menu_order":0,"comment_status":"closed","ping_status":"closed","template":"","meta":{"_themeisle_gutenberg_block_has_review":false,"footnotes":""},"class_list":["post-185","page","type-page","status-publish","hentry"],"yoast_head":"<!-- This site is optimized with the Yoast SEO plugin v26.9 - https:\/\/yoast.com\/product\/yoast-seo-wordpress\/ -->\n<title>Le Programme - Arch\u00e9ologie des Cara\u00efbes<\/title>\n<meta name=\"robots\" content=\"index, follow, max-snippet:-1, max-image-preview:large, max-video-preview:-1\" \/>\n<link rel=\"canonical\" href=\"https:\/\/www.archeologiecaraibes.com\/?page_id=185\" \/>\n<meta property=\"og:locale\" content=\"en_US\" \/>\n<meta property=\"og:type\" content=\"article\" \/>\n<meta property=\"og:title\" content=\"Le Programme - Arch\u00e9ologie des Cara\u00efbes\" \/>\n<meta property=\"og:description\" content=\"[vc_row thb_full_width=&#8221;true&#8221; thb_row_padding=&#8221;true&#8221; thb_column_padding=&#8221;true&#8221; content_placement=&#8221;middle&#8221; thb_divider_position=&#8221;bottom&#8221;][vc_column fixed=&#8221;thb-fixed&#8221; animation=&#8221;animation fade-in&#8221; el_class=&#8221;full-height&#8221; css=&#8221;.vc_custom_1676077669759{background-image: url(http:\/\/www.archeologiecaraibes.com\/wp-content\/uploads\/2023\/02\/BCA4009A-3BBB-4033-A9E8-F94487CC78C6-scaled-1.jpeg?id=1092) !important;background-position: center !important;background-repeat: no-repeat !important;background-size: cover !important;}&#8221;][vc_column_text] Le Programme [\/vc_column_text][\/vc_column][\/vc_row][vc_row thb_full_width=&#8221;true&#8221; thb_row_padding=&#8221;true&#8221; thb_column_padding=&#8221;true&#8221; full_height=&#8221;yes&#8221; content_placement=&#8221;middle&#8221; thb_divider_position=&#8221;bottom&#8221;][vc_column css=&#8221;.vc_custom_1474311147448{padding-top: 12% !important;padding-right: 15% !important;padding-bottom: 19% !important;padding-left: 15% !important;}&#8221;][vc_column_text] Arch\u00e9ologie Cara\u00efbe est une plateforme de Conservation et de Transmission des patrimoines arch\u00e9ologiques et culturels cr\u00e9e par ANISOTROPIE.&hellip;\" \/>\n<meta property=\"og:url\" content=\"https:\/\/www.archeologiecaraibes.com\/?page_id=185\" \/>\n<meta property=\"og:site_name\" content=\"Arch\u00e9ologie des Cara\u00efbes\" \/>\n<meta property=\"article:modified_time\" content=\"2023-03-10T14:50:58+00:00\" \/>\n<meta name=\"twitter:card\" content=\"summary_large_image\" \/>\n<meta name=\"twitter:label1\" content=\"Est. reading time\" \/>\n\t<meta name=\"twitter:data1\" content=\"3 minutes\" \/>\n<script type=\"application\/ld+json\" class=\"yoast-schema-graph\">{\"@context\":\"https:\/\/schema.org\",\"@graph\":[{\"@type\":\"WebPage\",\"@id\":\"https:\/\/www.archeologiecaraibes.com\/?page_id=185\",\"url\":\"https:\/\/www.archeologiecaraibes.com\/?page_id=185\",\"name\":\"Le Programme - Arch\u00e9ologie des Cara\u00efbes\",\"isPartOf\":{\"@id\":\"https:\/\/www.archeologiecaraibes.com\/#website\"},\"datePublished\":\"2016-09-16T15:48:54+00:00\",\"dateModified\":\"2023-03-10T14:50:58+00:00\",\"breadcrumb\":{\"@id\":\"https:\/\/www.archeologiecaraibes.com\/?page_id=185#breadcrumb\"},\"inLanguage\":\"en-US\",\"potentialAction\":[{\"@type\":\"ReadAction\",\"target\":[\"https:\/\/www.archeologiecaraibes.com\/?page_id=185\"]}]},{\"@type\":\"BreadcrumbList\",\"@id\":\"https:\/\/www.archeologiecaraibes.com\/?page_id=185#breadcrumb\",\"itemListElement\":[{\"@type\":\"ListItem\",\"position\":1,\"name\":\"Home\",\"item\":\"https:\/\/www.archeologiecaraibes.com\/\"},{\"@type\":\"ListItem\",\"position\":2,\"name\":\"Le Programme\"}]},{\"@type\":\"WebSite\",\"@id\":\"https:\/\/www.archeologiecaraibes.com\/#website\",\"url\":\"https:\/\/www.archeologiecaraibes.com\/\",\"name\":\"Arch\u00e9ologie des Cara\u00efbes\",\"description\":\"\",\"publisher\":{\"@id\":\"https:\/\/www.archeologiecaraibes.com\/#organization\"},\"potentialAction\":[{\"@type\":\"SearchAction\",\"target\":{\"@type\":\"EntryPoint\",\"urlTemplate\":\"https:\/\/www.archeologiecaraibes.com\/?s={search_term_string}\"},\"query-input\":{\"@type\":\"PropertyValueSpecification\",\"valueRequired\":true,\"valueName\":\"search_term_string\"}}],\"inLanguage\":\"en-US\"},{\"@type\":\"Organization\",\"@id\":\"https:\/\/www.archeologiecaraibes.com\/#organization\",\"name\":\"Arch\u00e9ologie des Cara\u00efbes\",\"url\":\"https:\/\/www.archeologiecaraibes.com\/\",\"logo\":{\"@type\":\"ImageObject\",\"inLanguage\":\"en-US\",\"@id\":\"https:\/\/www.archeologiecaraibes.com\/#\/schema\/logo\/image\/\",\"url\":\"http:\/\/www.archeologiecaraibes.com\/wp-content\/uploads\/2023\/02\/cropped-favIcon_ingrid_0.png\",\"contentUrl\":\"http:\/\/www.archeologiecaraibes.com\/wp-content\/uploads\/2023\/02\/cropped-favIcon_ingrid_0.png\",\"width\":512,\"height\":512,\"caption\":\"Arch\u00e9ologie des Cara\u00efbes\"},\"image\":{\"@id\":\"https:\/\/www.archeologiecaraibes.com\/#\/schema\/logo\/image\/\"},\"sameAs\":[\"https:\/\/www.instagram.com\/archaeology_of_the_caribbean\/\"]}]}<\/script>\n<!-- \/ Yoast SEO plugin. -->","yoast_head_json":{"title":"Le Programme - Arch\u00e9ologie des Cara\u00efbes","robots":{"index":"index","follow":"follow","max-snippet":"max-snippet:-1","max-image-preview":"max-image-preview:large","max-video-preview":"max-video-preview:-1"},"canonical":"https:\/\/www.archeologiecaraibes.com\/?page_id=185","og_locale":"en_US","og_type":"article","og_title":"Le Programme - Arch\u00e9ologie des Cara\u00efbes","og_description":"[vc_row thb_full_width=&#8221;true&#8221; thb_row_padding=&#8221;true&#8221; thb_column_padding=&#8221;true&#8221; content_placement=&#8221;middle&#8221; thb_divider_position=&#8221;bottom&#8221;][vc_column fixed=&#8221;thb-fixed&#8221; animation=&#8221;animation fade-in&#8221; el_class=&#8221;full-height&#8221; css=&#8221;.vc_custom_1676077669759{background-image: url(http:\/\/www.archeologiecaraibes.com\/wp-content\/uploads\/2023\/02\/BCA4009A-3BBB-4033-A9E8-F94487CC78C6-scaled-1.jpeg?id=1092) !important;background-position: center !important;background-repeat: no-repeat !important;background-size: cover !important;}&#8221;][vc_column_text] Le Programme [\/vc_column_text][\/vc_column][\/vc_row][vc_row thb_full_width=&#8221;true&#8221; thb_row_padding=&#8221;true&#8221; thb_column_padding=&#8221;true&#8221; full_height=&#8221;yes&#8221; content_placement=&#8221;middle&#8221; thb_divider_position=&#8221;bottom&#8221;][vc_column css=&#8221;.vc_custom_1474311147448{padding-top: 12% !important;padding-right: 15% !important;padding-bottom: 19% !important;padding-left: 15% !important;}&#8221;][vc_column_text] Arch\u00e9ologie Cara\u00efbe est une plateforme de Conservation et de Transmission des patrimoines arch\u00e9ologiques et culturels cr\u00e9e par ANISOTROPIE.&hellip;","og_url":"https:\/\/www.archeologiecaraibes.com\/?page_id=185","og_site_name":"Arch\u00e9ologie des Cara\u00efbes","article_modified_time":"2023-03-10T14:50:58+00:00","twitter_card":"summary_large_image","twitter_misc":{"Est. reading time":"3 minutes"},"schema":{"@context":"https:\/\/schema.org","@graph":[{"@type":"WebPage","@id":"https:\/\/www.archeologiecaraibes.com\/?page_id=185","url":"https:\/\/www.archeologiecaraibes.com\/?page_id=185","name":"Le Programme - Arch\u00e9ologie des Cara\u00efbes","isPartOf":{"@id":"https:\/\/www.archeologiecaraibes.com\/#website"},"datePublished":"2016-09-16T15:48:54+00:00","dateModified":"2023-03-10T14:50:58+00:00","breadcrumb":{"@id":"https:\/\/www.archeologiecaraibes.com\/?page_id=185#breadcrumb"},"inLanguage":"en-US","potentialAction":[{"@type":"ReadAction","target":["https:\/\/www.archeologiecaraibes.com\/?page_id=185"]}]},{"@type":"BreadcrumbList","@id":"https:\/\/www.archeologiecaraibes.com\/?page_id=185#breadcrumb","itemListElement":[{"@type":"ListItem","position":1,"name":"Home","item":"https:\/\/www.archeologiecaraibes.com\/"},{"@type":"ListItem","position":2,"name":"Le Programme"}]},{"@type":"WebSite","@id":"https:\/\/www.archeologiecaraibes.com\/#website","url":"https:\/\/www.archeologiecaraibes.com\/","name":"Arch\u00e9ologie des Cara\u00efbes","description":"","publisher":{"@id":"https:\/\/www.archeologiecaraibes.com\/#organization"},"potentialAction":[{"@type":"SearchAction","target":{"@type":"EntryPoint","urlTemplate":"https:\/\/www.archeologiecaraibes.com\/?s={search_term_string}"},"query-input":{"@type":"PropertyValueSpecification","valueRequired":true,"valueName":"search_term_string"}}],"inLanguage":"en-US"},{"@type":"Organization","@id":"https:\/\/www.archeologiecaraibes.com\/#organization","name":"Arch\u00e9ologie des Cara\u00efbes","url":"https:\/\/www.archeologiecaraibes.com\/","logo":{"@type":"ImageObject","inLanguage":"en-US","@id":"https:\/\/www.archeologiecaraibes.com\/#\/schema\/logo\/image\/","url":"http:\/\/www.archeologiecaraibes.com\/wp-content\/uploads\/2023\/02\/cropped-favIcon_ingrid_0.png","contentUrl":"http:\/\/www.archeologiecaraibes.com\/wp-content\/uploads\/2023\/02\/cropped-favIcon_ingrid_0.png","width":512,"height":512,"caption":"Arch\u00e9ologie des Cara\u00efbes"},"image":{"@id":"https:\/\/www.archeologiecaraibes.com\/#\/schema\/logo\/image\/"},"sameAs":["https:\/\/www.instagram.com\/archaeology_of_the_caribbean\/"]}]}},"_links":{"self":[{"href":"https:\/\/www.archeologiecaraibes.com\/index.php?rest_route=\/wp\/v2\/pages\/185","targetHints":{"allow":["GET"]}}],"collection":[{"href":"https:\/\/www.archeologiecaraibes.com\/index.php?rest_route=\/wp\/v2\/pages"}],"about":[{"href":"https:\/\/www.archeologiecaraibes.com\/index.php?rest_route=\/wp\/v2\/types\/page"}],"author":[{"embeddable":true,"href":"https:\/\/www.archeologiecaraibes.com\/index.php?rest_route=\/wp\/v2\/users\/1"}],"replies":[{"embeddable":true,"href":"https:\/\/www.archeologiecaraibes.com\/index.php?rest_route=%2Fwp%2Fv2%2Fcomments&post=185"}],"version-history":[{"count":28,"href":"https:\/\/www.archeologiecaraibes.com\/index.php?rest_route=\/wp\/v2\/pages\/185\/revisions"}],"predecessor-version":[{"id":1126,"href":"https:\/\/www.archeologiecaraibes.com\/index.php?rest_route=\/wp\/v2\/pages\/185\/revisions\/1126"}],"wp:attachment":[{"href":"https:\/\/www.archeologiecaraibes.com\/index.php?rest_route=%2Fwp%2Fv2%2Fmedia&parent=185"}],"curies":[{"name":"wp","href":"https:\/\/api.w.org\/{rel}","templated":true}]}}